{"id":1292,"date":"2019-05-22T18:23:45","date_gmt":"2019-05-22T18:23:45","guid":{"rendered":"https:\/\/partiprisstg.wpenginepowered.com\/?page_id=1292"},"modified":"2023-06-14T14:04:22","modified_gmt":"2023-06-14T14:04:22","slug":"agency","status":"publish","type":"page","link":"https:\/\/partipris.com\/en\/agency\/","title":{"rendered":"Agency"},"content":{"rendered":"<p>[vc_row el_class=&#8221;agency__hero&#8221;][vc_column][vc_row_inner el_class=&#8221;agency__hero__image&#8221;][vc_column_inner][vc_single_image image=&#8221;1295&#8243; img_size=&#8221;full&#8221; css_animation=&#8221;fadeInUp&#8221;][\/vc_column_inner][\/vc_row_inner][vc_row_inner el_class=&#8221;agency__hero__text&#8221;][vc_column_inner][vc_column_text el_class=&#8221;agency__hero__text__second&#8221;]PARTI PRIS, creators of experiences in Europe and internationally, is an agency that has been dedicated to the Luxury market for the past 20 years. Our mission is to evoke emotions and provide memorable physical, digital, or phygital experiences to your audiences, while engaging in meaningful conversations.<\/p>\n<p>PARTI PRIS&#8217;s ambition is to move forward by centering its entire approach around creativity and innovation. We are somewhat of a laboratory, combining scenography, design, storytelling, and brand content, where projects come to life.<\/p>\n<p>We are aesthetically-driven artisans, meticulous about the details and the quality of our services. We are a boutique agency, close to our clients, and approach each project in a unique way, sourcing the necessary creative talents and strengths for each of your ideas.[\/vc_column_text][vc_column_text el_class=&#8221;agency__hero__text__first&#8221;][\/vc_column_text][vc_column_text el_class=&#8221;agency__hero__text__first&#8221;]<strong>&#8211; PARTI PRIS, experience designer.<\/strong>[\/vc_column_text][\/vc_column_inner][\/vc_row_inner][\/vc_column][\/vc_row][vc_row css_animation=&#8221;fadeInUp&#8221; el_class=&#8221;agency__partispris&#8221;][vc_column][vc_column_text css_animation=&#8221;fadeInLeft&#8221; el_class=&#8221;agency__partispris__header&#8221;]<\/p>\n<h1>partis pris<\/h1>\n<p>[\/vc_column_text][vc_row_inner el_class=&#8221;agency__partispris__blocks&#8221;][vc_column_inner][vc_column_text css_animation=&#8221;none&#8221;]<\/p>\n<h2>Creativity &amp; Innovation<\/h2>\n<p>Guided by its founder and Creative Director Patrice Nave, PARTI PRIS aims to build its entire approach around creativity. It shapes the direction-setting meetings that forge our projects and is the starting point for trends that, combined with new technologies, expand our playing field and guide you into uncharted territory.[\/vc_column_text][vc_column_text css_animation=&#8221;none&#8221;]<\/p>\n<h2>Network &amp; International<\/h2>\n<p>PARTI PRIS is, by essence, an agent. We seek out creative forces from all horizons to provide the best possible support for our clients with an international reach and create experiences that culturally relevant both locally and globally.[\/vc_column_text][vc_column_text css_animation=&#8221;none&#8221;]<\/p>\n<h2>Commitment &amp; Responsibility<\/h2>\n<p>With a strong commitment to evolving within a responsible ecosystem, PARTI PRIS has dedicated the past year to refocusing its promise while considering various aspects of CSR (Corporate Social Responsibility). Our positioning: PARTI PRIS, a desirable and responsible agency built on the following values: kindness, excellence, trust, honesty, and a family-oriented approach.[\/vc_column_text][vc_column_text css_animation=&#8221;none&#8221;]<\/p>\n<h2>Proximity &amp; Agility<\/h2>\n<p>Our agile, 15-strong team uses its expertise to constantly push back the boundaries of creativity and come up with powerful concepts and story-telling that are tailored to your universe.[\/vc_column_text][\/vc_column_inner][\/vc_row_inner][\/vc_column][\/vc_row][vc_section css_animation=&#8221;fadeInUp&#8221; el_class=&#8221;agency__expertise&#8221;][vc_row el_class=&#8221;agency__expertise__text&#8221;][vc_column][vc_column_text]<\/p>\n<h2>expertise<\/h2>\n<p>[\/vc_column_text][vc_row_inner el_class=&#8221;agency__expertise__text__inner&#8221;][vc_column_inner width=&#8221;1\/2&#8243;][vc_column_text]Immersive events<\/p>\n<p>Product launches<\/p>\n<p>Press days<\/p>\n<p>Influencer trips<\/p>\n<p>Roadshows<\/p>\n<p>Brand Content<\/p>\n<p>Luxury concierge services<\/p>\n<p>Dinners<\/p>\n<p>Parties<\/p>\n<p>General public events[\/vc_column_text][\/vc_column_inner][vc_column_inner width=&#8221;1\/2&#8243;][vc_column_text]Exhibitions<\/p>\n<p>Inaugurations<\/p>\n<p>In-store animations<\/p>\n<p>Pop-up stores<\/p>\n<p>Window displays<\/p>\n<p>Showrooms<\/p>\n<p>Conventions<\/p>\n<p>Seminars<\/p>\n<p>Stands[\/vc_column_text][\/vc_column_inner][\/vc_row_inner][\/vc_column][\/vc_row][vc_row][vc_column][vc_raw_html]JTNDdmlkZW8lMjBhdXRvcGxheSUyMGxvb3AlMjBwbGF5c2lubGluZSUyMG11dGVkJTNFJTBBJTNDc291cmNlJTIwc3JjJTNEJTIyaHR0cHMlM0ElMkYlMkZzdG9yYWdlLmdvb2dsZWFwaXMuY29tJTJGc2l0ZS1wYXJ0aS1wcmlzJTJGcmV2ZWFsLXNob3dyZWVsLm1wNCUyMiUzRSUwQSUzQyUyRnZpZGVvJTNF[\/vc_raw_html][\/vc_column][\/vc_row][\/vc_section][vc_row css_animation=&#8221;none&#8221; el_class=&#8221;agency__links&#8221;][vc_column][vc_raw_html]JTNDcCUyMGRhdGEtaG92ZXItY29sb3IlM0QlMjIlMjMwMDAlMjIlM0UlM0NhJTIwaHJlZiUzRCUyMiUyRnByb2pldHMlMkYlMjMxOCUyMiUzRUNvc21ldGljcyUyMCUyNiUyMHBlcmZ1bWVzJTNDJTJGYSUzRSUwQSUwQSUzQ2ElMjBocmVmJTNEJTIyJTJGcHJvamV0cyUyRiUyMzE5JTIyJTNFVGltZXBpZWNlcyUyMCUyNiUyMGpld2VsbGVyeSUzQyUyRmElM0UlMEElMEElM0NhJTIwaHJlZiUzRCUyMiUyRnByb2pldHMlMkYlMjMxNyUyMiUzRUZhc2hpb24lMjAlMjYlMjBhY2Nlc3NvcmllcyUzQyUyRmElM0UlMEElMEElM0NhJTIwaHJlZiUzRCUyMiUyRnByb2pldHMlMkYlMjMyNiUyMiUzRVdpbmVzJTIwJTI2JTIwc3Bpcml0cyUyMCUzQyUyRmElM0UlMEElMEElM0NhJTIwaHJlZiUzRCUyMiUyRnByb2pldHMlMkYlMjMyMCUyMiUzRUNvcnBvcmF0ZSUzQyUyRmElM0UlMEElMEElM0NhJTIwaHJlZiUzRCUyMiUyRnByb2pldHMlMkYlMjMzNSUyMiUzRU5HT3MlM0MlMkZhJTNFJTNDJTJGcCUzRQ==[\/vc_raw_html][\/vc_column][\/vc_row][vc_section el_class=&#8221;agency__team&#8221;][vc_row el_class=&#8221;agency__team__heading&#8221;][vc_column][vc_column_text css_animation=&#8221;none&#8221;]<\/p>\n<h2>Team<\/h2>\n<p>[\/vc_column_text][\/vc_column][\/vc_row][vc_row css_animation=&#8221;fadeInUp&#8221; el_class=&#8221;agency__team__cards&#8221;][vc_column][vc_row_inner el_class=&#8221;agency__team__card&#8221;][vc_column_inner][vc_column_text css_animation=&#8221;none&#8221; el_class=&#8221;agency__team__card__content&#8221;]MP<\/p>\n<p>Gt<\/p>\n<p>Guillaume de Truchis<\/p>\n<p>Managing Partner[\/vc_column_text][vc_column_text el_class=&#8221;agency__team__card__hover&#8221;]<\/p>\n<ul>\n<li><a href=\"mailto:truchis@partipris.com\">truchis@partipris.com<\/a><\/li>\n<li><a href=\"tel:0155807724\">01 55 80 77 24<\/a>\n<ul>\n<li><a href=\"https:\/\/www.linkedin.com\/in\/guillaume-de-truchis\/\" target=\"_blank\" rel=\"noopener noreferrer\"><svg xmlns=\"http:\/\/www.w3.org\/2000\/svg\" xmlns:xlink=\"http:\/\/www.w3.org\/1999\/xlink\" version=\"1.1\" x=\"0px\" y=\"0px\" viewBox=\"0 0 430.117 430.117\" style=\"enable-background:new 0 0 430.117 430.117;\" xml:space=\"preserve\"><path d=\"M430.117,261.543V420.56h-92.188V272.193c0-37.271-13.334-62.707-46.703-62.707   c-25.473,0-40.632,17.142-47.301,33.724c-2.432,5.928-3.058,14.179-3.058,22.477V420.56h-92.219c0,0,1.242-251.285,0-277.32h92.21   v39.309c-0.187,0.294-0.43,0.611-0.606,0.896h0.606v-0.896c12.251-18.869,34.13-45.824,83.102-45.824   C384.633,136.724,430.117,176.361,430.117,261.543z M52.183,9.558C20.635,9.558,0,30.251,0,57.463   c0,26.619,20.038,47.94,50.959,47.94h0.616c32.159,0,52.159-21.317,52.159-47.94C103.128,30.251,83.734,9.558,52.183,9.558z    M5.477,420.56h92.184v-277.32H5.477V420.56z\"><\/path><\/svg><\/a><\/li>\n<\/ul>\n<\/li>\n<li><strong>Guillaume de Truchis<\/strong><\/li>\n<li>Managing Partner<\/li>\n<\/ul>\n<p>[\/vc_column_text][\/vc_column_inner][\/vc_row_inner][vc_row_inner el_class=&#8221;agency__team__card&#8221;][vc_column_inner][vc_column_text css_animation=&#8221;none&#8221; el_class=&#8221;agency__team__card__content&#8221;]FCD<\/p>\n<p>Pn<\/p>\n<p>Patrice Nave<\/p>\n<p>Founding Creative Director[\/vc_column_text][vc_column_text el_class=&#8221;agency__team__card__hover&#8221;]<\/p>\n<ul>\n<li><a href=\"mailto:nave@partipris.com\">nave@partipris.com<\/a><\/li>\n<li><a href=\"tel:0155807726\">01 55 80 77 26<\/a><\/li>\n<li><strong>Patrice Nave<\/strong><\/li>\n<li>Founding Creative Director<\/li>\n<\/ul>\n<p>[\/vc_column_text][\/vc_column_inner][\/vc_row_inner][vc_row_inner el_class=&#8221;agency__team__card&#8221;][vc_column_inner][vc_column_text css_animation=&#8221;none&#8221; el_class=&#8221;agency__team__card__content&#8221;]DGM<\/p>\n<p>jb<\/p>\n<p>Jean Baptiste Bertel<\/p>\n<p>Deputy General Manager[\/vc_column_text][vc_column_text el_class=&#8221;agency__team__card__hover&#8221;]<\/p>\n<ul>\n<li><a href=\"mailto:bertel@partipris.com\">bertel@partipris.com<\/a><\/li>\n<li><a href=\"tel:0155807723\">01 55 80 77 23<\/a>\n<ul>\n<li><a href=\"https:\/\/www.linkedin.com\/in\/jean-baptiste-bertel\/\" target=\"_blank\" rel=\"noopener noreferrer\"><svg xmlns=\"http:\/\/www.w3.org\/2000\/svg\" xmlns:xlink=\"http:\/\/www.w3.org\/1999\/xlink\" version=\"1.1\" x=\"0px\" y=\"0px\" viewBox=\"0 0 430.117 430.117\" style=\"enable-background:new 0 0 430.117 430.117;\" xml:space=\"preserve\"><path d=\"M430.117,261.543V420.56h-92.188V272.193c0-37.271-13.334-62.707-46.703-62.707   c-25.473,0-40.632,17.142-47.301,33.724c-2.432,5.928-3.058,14.179-3.058,22.477V420.56h-92.219c0,0,1.242-251.285,0-277.32h92.21   v39.309c-0.187,0.294-0.43,0.611-0.606,0.896h0.606v-0.896c12.251-18.869,34.13-45.824,83.102-45.824   C384.633,136.724,430.117,176.361,430.117,261.543z M52.183,9.558C20.635,9.558,0,30.251,0,57.463   c0,26.619,20.038,47.94,50.959,47.94h0.616c32.159,0,52.159-21.317,52.159-47.94C103.128,30.251,83.734,9.558,52.183,9.558z    M5.477,420.56h92.184v-277.32H5.477V420.56z\"><\/path><\/svg><\/a><\/li>\n<\/ul>\n<\/li>\n<li><strong>Jean Baptiste Bertel<\/strong><\/li>\n<li>Deputy General Manager<\/li>\n<\/ul>\n<p>[\/vc_column_text][\/vc_column_inner][\/vc_row_inner][vc_row_inner el_class=&#8221;agency__team__card&#8221;][vc_column_inner][vc_column_text css_animation=&#8221;none&#8221; el_class=&#8221;agency__team__card__content&#8221;]APD<\/p>\n<p>Jl<\/p>\n<p>Jean-Marc Lecoq<\/p>\n<p>Associate Productions Director[\/vc_column_text][vc_column_text el_class=&#8221;agency__team__card__hover&#8221;]<\/p>\n<ul>\n<li><a href=\"mailto:lecoq@partipris.com\">lecoq@partipris.com<\/a><\/li>\n<li><a href=\"tel:0155807393\">01 55 80 73 93<\/a><\/li>\n<li><strong>Jean-Marc Lecoq<\/strong><\/li>\n<li>Associate Productions Director<\/li>\n<\/ul>\n<p>[\/vc_column_text][\/vc_column_inner][\/vc_row_inner][vc_row_inner el_class=&#8221;agency__team__card&#8221;][vc_column_inner][vc_column_text css_animation=&#8221;none&#8221; el_class=&#8221;agency__team__card__content&#8221;]OM<\/p>\n<p>Mr<\/p>\n<p>Marion Richard<\/p>\n<p>Office Manager[\/vc_column_text][vc_column_text el_class=&#8221;agency__team__card__hover&#8221;]<\/p>\n<ul>\n<li><a href=\"mailto:richard@partipris.com\">richard@partipris.com<\/a><\/li>\n<li><a href=\"tel:+33155805837\">01 55 80 58 37<\/a><\/li>\n<li><strong>Marion Richard<\/strong><\/li>\n<li>Office Manager<\/li>\n<\/ul>\n<p>[\/vc_column_text][\/vc_column_inner][\/vc_row_inner][vc_row_inner el_class=&#8221;agency__team__card&#8221;][vc_column_inner][vc_column_text css_animation=&#8221;none&#8221; el_class=&#8221;agency__team__card__content&#8221;]AD<\/p>\n<p>Sb<\/p>\n<p>Sandrine Brunet<\/p>\n<p>Account Director[\/vc_column_text][vc_column_text el_class=&#8221;agency__team__card__hover&#8221;]<\/p>\n<ul>\n<li><a href=\"mailto:brunet@partipris.com\">brunet@partipris.com<\/a><\/li>\n<li><a href=\"tel:+33155807983\">01 55 80 79 83<\/a><\/li>\n<li><a href=\"tel:+33680284609\">06 80 28 46 09<\/a><\/li>\n<li><strong>Sandrine Brunet<\/strong><\/li>\n<li>Account Director<\/li>\n<\/ul>\n<p>[\/vc_column_text][\/vc_column_inner][\/vc_row_inner][vc_row_inner el_class=&#8221;agency__team__card&#8221;][vc_column_inner][vc_column_text css_animation=&#8221;none&#8221; el_class=&#8221;agency__team__card__content&#8221;]BM<\/p>\n<p>Lh<\/p>\n<p>Laurie Hasid<\/p>\n<p>New Business &amp; Brand Image Manager[\/vc_column_text][vc_column_text el_class=&#8221;agency__team__card__hover&#8221;]<\/p>\n<ul>\n<li><a href=\"mailto:hasid@partipris.com\">hasid@partipris.com<\/a><\/li>\n<li><a href=\"tel:0155805833\">01 55 80 58 33<\/a>\n<ul>\n<li><a href=\"https:\/\/www.linkedin.com\/in\/lauriehasid\/\"><svg xmlns=\"http:\/\/www.w3.org\/2000\/svg\" xmlns:xlink=\"http:\/\/www.w3.org\/1999\/xlink\" version=\"1.1\" x=\"0px\" y=\"0px\" viewBox=\"0 0 430.117 430.117\" style=\"enable-background:new 0 0 430.117 430.117;\" xml:space=\"preserve\"><path d=\"M430.117,261.543V420.56h-92.188V272.193c0-37.271-13.334-62.707-46.703-62.707   c-25.473,0-40.632,17.142-47.301,33.724c-2.432,5.928-3.058,14.179-3.058,22.477V420.56h-92.219c0,0,1.242-251.285,0-277.32h92.21   v39.309c-0.187,0.294-0.43,0.611-0.606,0.896h0.606v-0.896c12.251-18.869,34.13-45.824,83.102-45.824   C384.633,136.724,430.117,176.361,430.117,261.543z M52.183,9.558C20.635,9.558,0,30.251,0,57.463   c0,26.619,20.038,47.94,50.959,47.94h0.616c32.159,0,52.159-21.317,52.159-47.94C103.128,30.251,83.734,9.558,52.183,9.558z    M5.477,420.56h92.184v-277.32H5.477V420.56z\"><\/path><\/svg><\/a><\/li>\n<\/ul>\n<\/li>\n<li><strong>Laurie Hasid<\/strong><\/li>\n<li>New Business &amp; Brand Image Manager<\/li>\n<\/ul>\n<p>[\/vc_column_text][\/vc_column_inner][\/vc_row_inner][vc_row_inner el_class=&#8221;agency__team__card&#8221;][vc_column_inner][vc_column_text css_animation=&#8221;none&#8221; el_class=&#8221;agency__team__card__content&#8221;]PM<\/p>\n<p>Fq<\/p>\n<p>Fanny Quesney<\/p>\n<p>Project Manager[\/vc_column_text][vc_column_text el_class=&#8221;agency__team__card__hover&#8221;]<\/p>\n<ul>\n<li><strong>Fanny Quesney<\/strong><\/li>\n<li>Project Manager<\/li>\n<\/ul>\n<p>[\/vc_column_text][\/vc_column_inner][\/vc_row_inner][vc_row_inner el_class=&#8221;agency__team__card&#8221;][vc_column_inner][vc_column_text css_animation=&#8221;none&#8221; el_class=&#8221;agency__team__card__content&#8221;]CCD<\/p>\n<p>Ed<\/p>\n<p>\u00c9douard Delage<\/p>\n<p>Content Creative Director[\/vc_column_text][vc_column_text el_class=&#8221;agency__team__card__hover&#8221;]<\/p>\n<ul>\n<li><a href=\"mailto:delage@partipris.com\">delage@partipris.com<\/a><\/li>\n<li><a href=\"tel:+33155807392\">01 55 80 73 92<\/a><\/li>\n<li><a href=\"tel:+33616966499\">06 16 96 64 99<\/a><\/li>\n<li><strong>\u00c9douard Delage<\/strong><\/li>\n<li>Content Creative Director<\/li>\n<\/ul>\n<p>[\/vc_column_text][\/vc_column_inner][\/vc_row_inner][vc_row_inner disable_element=&#8221;yes&#8221; el_class=&#8221;agency__team__card&#8221;][vc_column_inner][vc_column_text css_animation=&#8221;none&#8221; el_class=&#8221;agency__team__card__content&#8221;]SAD<\/p>\n<p>La<\/p>\n<p>Lucile Adjemi<\/p>\n<p>Senior Art Director [\/vc_column_text][vc_column_text el_class=&#8221;agency__team__card__hover&#8221;]<\/p>\n<ul>\n<li><strong>Lucile Adjemi<\/strong><\/li>\n<li>Senior Art Director<\/li>\n<\/ul>\n<p>[\/vc_column_text][\/vc_column_inner][\/vc_row_inner][vc_row_inner el_class=&#8221;agency__team__card&#8221;][vc_column_inner][vc_column_text css_animation=&#8221;none&#8221; el_class=&#8221;agency__team__card__content&#8221;]AD<\/p>\n<p>JLg<\/p>\n<p>Jamie-Lee Grenier<\/p>\n<p>Artistic Director \/ Scenographer[\/vc_column_text][vc_column_text el_class=&#8221;agency__team__card__hover&#8221;]<\/p>\n<ul>\n<li><a href=\"mailto:grenier@partipris.com\">grenier@partipris.com<\/a><\/li>\n<li><a href=\"tel:01 55 80 73 92\">01 55 80 73 92<\/a><\/li>\n<li><strong>Jamie-Lee Grenier<\/strong><\/li>\n<li>Artistic Director \/ Scenographer<\/li>\n<\/ul>\n<p>[\/vc_column_text][\/vc_column_inner][\/vc_row_inner][vc_row_inner el_class=&#8221;agency__team__card&#8221;][vc_column_inner][vc_column_text css_animation=&#8221;none&#8221; el_class=&#8221;agency__team__card__content&#8221;]AD<\/p>\n<p>Mp<\/p>\n<p>Marion Pedurthe<\/p>\n<p>Artistic Director \/ Scenographer[\/vc_column_text][vc_column_text el_class=&#8221;agency__team__card__hover&#8221;]<\/p>\n<ul>\n<li><a href=\"mailto:pedurthe@partipris.com\">pedurthe@partipris.com<\/a><\/li>\n<li><a href=\"tel:0155805836\">01 55 80 58 36<\/a><\/li>\n<li><strong>Marion Pedurthe<\/strong><\/li>\n<li>Artistic Director \/ Scenographer<\/li>\n<\/ul>\n<p>[\/vc_column_text][\/vc_column_inner][\/vc_row_inner][vc_row_inner el_class=&#8221;agency__team__card&#8221;][vc_column_inner][vc_column_text css_animation=&#8221;none&#8221; el_class=&#8221;agency__team__card__content&#8221;]AD<\/p>\n<p>Lp<\/p>\n<p>Laura Peloux<\/p>\n<p>Artistic Director \/ Scenographer[\/vc_column_text][vc_column_text el_class=&#8221;agency__team__card__hover&#8221;]<\/p>\n<ul>\n<li><strong>Laura Peloux<\/strong><\/li>\n<li>Artistic Director \/ Scenographer<\/li>\n<\/ul>\n<p>[\/vc_column_text][\/vc_column_inner][\/vc_row_inner][vc_row_inner el_class=&#8221;agency__team__card&#8221;][vc_column_inner][vc_column_text css_animation=&#8221;none&#8221; el_class=&#8221;agency__team__card__content&#8221;]AD<\/p>\n<p>Jd<\/p>\n<p>Julie Daudin<\/p>\n<p>Artistic Director \/ Scenographer[\/vc_column_text][vc_column_text el_class=&#8221;agency__team__card__hover&#8221;]<\/p>\n<ul>\n<li><strong>Julie Daudin<\/strong><\/li>\n<li>Artistic Director \/ Scenographer<\/li>\n<\/ul>\n<p>[\/vc_column_text][\/vc_column_inner][\/vc_row_inner][vc_row_inner el_class=&#8221;agency__team__card is-active&#8221;][vc_column_inner][vc_column_text css_animation=&#8221;none&#8221; el_class=&#8221;agency__team__card__content&#8221;]da<\/p>\n<p>gm<\/p>\n<p>csdfsf<\/p>\n<p>Directeur G\u00e9n\u00e9ral Associ\u00e9[\/vc_column_text][vc_column_text el_class=&#8221;agency__team__card__hover&#8221;]<\/p>\n<ul>\n<li><a href=\"mailto:jobs@partipris.com\">Join<\/a><\/li>\n<li><a href=\"mailto:jobs@partipris.com\">our team<\/a><\/li>\n<\/ul>\n<p>[\/vc_column_text][\/vc_column_inner][\/vc_row_inner][vc_row_inner el_class=&#8221;agency__team__cards__text&#8221;][vc_column_inner][vc_column_text]PARTI PRIS is an avant-garde family made up of talents who work in close collaboration and approach each new project with their characteristic enthusiasm. Their guiding principle is to draw on all of the creative resources in order to together work out how to craft ground-breaking experiences and events with a strong emotional and media response.<\/p>\n<p>\u2014 Artistic direction, scenography, strategy, influence marketing, research, development, productions, logistics \u2014[\/vc_column_text][\/vc_column_inner][\/vc_row_inner][\/vc_column][\/vc_row][\/vc_section]<\/p>\n","protected":false},"excerpt":{"rendered":"<p>[vc_row el_class=&#8221;agency__hero&#8221;][vc_column][vc_row_inner el_class=&#8221;agency__hero__image&#8221;][vc_column_inner][vc_single_image image=&#8221;1295&#8243; img_size=&#8221;full&#8221; css_animation=&#8221;fadeInUp&#8221;][\/vc_column_inner][\/vc_row_inner][vc_row_inner el_class=&#8221;agency__hero__text&#8221;][vc_column_inner][vc_column_text el_class=&#8221;agency__hero__text__second&#8221;]PARTI PRIS, creators of experiences in Europe and internationally, is an agency that has been dedicated to the Luxury market for the past 20 years. Our mission is to evoke emotions and provide memorable physical, digital, or phygital experiences to your audiences, while engaging in meaningful conversations. PARTI [&hellip;]<\/p>\n","protected":false},"author":7,"featured_media":0,"parent":0,"menu_order":0,"comment_status":"closed","ping_status":"closed","template":"page-templates\/agency-page.php","meta":{"_acf_changed":false,"content-type":"","footnotes":""},"class_list":["post-1292","page","type-page","status-publish","hentry"],"acf":[],"yoast_head":"<!-- This site is optimized with the Yoast SEO plugin v27.4 - https:\/\/yoast.com\/product\/yoast-seo-wordpress\/ -->\n<title>Agency - Partipris<\/title>\n<meta name=\"robots\" content=\"index, follow, max-snippet:-1, max-image-preview:large, max-video-preview:-1\" \/>\n<link rel=\"canonical\" href=\"https:\/\/partipris.com\/en\/agency\/\" \/>\n<meta property=\"og:locale\" content=\"en_US\" \/>\n<meta property=\"og:type\" content=\"article\" \/>\n<meta property=\"og:title\" content=\"Agency - Partipris\" \/>\n<meta property=\"og:description\" content=\"[vc_row el_class=&#8221;agency__hero&#8221;][vc_column][vc_row_inner el_class=&#8221;agency__hero__image&#8221;][vc_column_inner][vc_single_image image=&#8221;1295&#8243; img_size=&#8221;full&#8221; css_animation=&#8221;fadeInUp&#8221;][\/vc_column_inner][\/vc_row_inner][vc_row_inner el_class=&#8221;agency__hero__text&#8221;][vc_column_inner][vc_column_text el_class=&#8221;agency__hero__text__second&#8221;]PARTI PRIS, creators of experiences in Europe and internationally, is an agency that has been dedicated to the Luxury market for the past 20 years. Our mission is to evoke emotions and provide memorable physical, digital, or phygital experiences to your audiences, while engaging in meaningful conversations. PARTI [&hellip;]\" \/>\n<meta property=\"og:url\" content=\"https:\/\/partipris.com\/en\/agency\/\" \/>\n<meta property=\"og:site_name\" content=\"Partipris\" \/>\n<meta property=\"article:modified_time\" content=\"2023-06-14T14:04:22+00:00\" \/>\n<meta name=\"twitter:card\" content=\"summary_large_image\" \/>\n<meta name=\"twitter:label1\" content=\"Est. reading time\" \/>\n\t<meta name=\"twitter:data1\" content=\"4 minutes\" \/>\n<script type=\"application\/ld+json\" class=\"yoast-schema-graph\">{\"@context\":\"https:\\\/\\\/schema.org\",\"@graph\":[{\"@type\":\"WebPage\",\"@id\":\"https:\\\/\\\/partipris.com\\\/en\\\/agency\\\/\",\"url\":\"https:\\\/\\\/partipris.com\\\/en\\\/agency\\\/\",\"name\":\"Agency - Partipris\",\"isPartOf\":{\"@id\":\"https:\\\/\\\/partipris.com\\\/en\\\/#website\"},\"datePublished\":\"2019-05-22T18:23:45+00:00\",\"dateModified\":\"2023-06-14T14:04:22+00:00\",\"breadcrumb\":{\"@id\":\"https:\\\/\\\/partipris.com\\\/en\\\/agency\\\/#breadcrumb\"},\"inLanguage\":\"en-US\",\"potentialAction\":[{\"@type\":\"ReadAction\",\"target\":[\"https:\\\/\\\/partipris.com\\\/en\\\/agency\\\/\"]}]},{\"@type\":\"BreadcrumbList\",\"@id\":\"https:\\\/\\\/partipris.com\\\/en\\\/agency\\\/#breadcrumb\",\"itemListElement\":[{\"@type\":\"ListItem\",\"position\":1,\"name\":\"Accueil\",\"item\":\"https:\\\/\\\/partipris.com\\\/en\\\/\"},{\"@type\":\"ListItem\",\"position\":2,\"name\":\"Agency\"}]},{\"@type\":\"WebSite\",\"@id\":\"https:\\\/\\\/partipris.com\\\/en\\\/#website\",\"url\":\"https:\\\/\\\/partipris.com\\\/en\\\/\",\"name\":\"Partipris\",\"description\":\"\",\"potentialAction\":[{\"@type\":\"SearchAction\",\"target\":{\"@type\":\"EntryPoint\",\"urlTemplate\":\"https:\\\/\\\/partipris.com\\\/en\\\/?s={search_term_string}\"},\"query-input\":{\"@type\":\"PropertyValueSpecification\",\"valueRequired\":true,\"valueName\":\"search_term_string\"}}],\"inLanguage\":\"en-US\"}]}<\/script>\n<!-- \/ Yoast SEO plugin. -->","yoast_head_json":{"title":"Agency - Partipris","robots":{"index":"index","follow":"follow","max-snippet":"max-snippet:-1","max-image-preview":"max-image-preview:large","max-video-preview":"max-video-preview:-1"},"canonical":"https:\/\/partipris.com\/en\/agency\/","og_locale":"en_US","og_type":"article","og_title":"Agency - Partipris","og_description":"[vc_row el_class=&#8221;agency__hero&#8221;][vc_column][vc_row_inner el_class=&#8221;agency__hero__image&#8221;][vc_column_inner][vc_single_image image=&#8221;1295&#8243; img_size=&#8221;full&#8221; css_animation=&#8221;fadeInUp&#8221;][\/vc_column_inner][\/vc_row_inner][vc_row_inner el_class=&#8221;agency__hero__text&#8221;][vc_column_inner][vc_column_text el_class=&#8221;agency__hero__text__second&#8221;]PARTI PRIS, creators of experiences in Europe and internationally, is an agency that has been dedicated to the Luxury market for the past 20 years. Our mission is to evoke emotions and provide memorable physical, digital, or phygital experiences to your audiences, while engaging in meaningful conversations. PARTI [&hellip;]","og_url":"https:\/\/partipris.com\/en\/agency\/","og_site_name":"Partipris","article_modified_time":"2023-06-14T14:04:22+00:00","twitter_card":"summary_large_image","twitter_misc":{"Est. reading time":"4 minutes"},"schema":{"@context":"https:\/\/schema.org","@graph":[{"@type":"WebPage","@id":"https:\/\/partipris.com\/en\/agency\/","url":"https:\/\/partipris.com\/en\/agency\/","name":"Agency - Partipris","isPartOf":{"@id":"https:\/\/partipris.com\/en\/#website"},"datePublished":"2019-05-22T18:23:45+00:00","dateModified":"2023-06-14T14:04:22+00:00","breadcrumb":{"@id":"https:\/\/partipris.com\/en\/agency\/#breadcrumb"},"inLanguage":"en-US","potentialAction":[{"@type":"ReadAction","target":["https:\/\/partipris.com\/en\/agency\/"]}]},{"@type":"BreadcrumbList","@id":"https:\/\/partipris.com\/en\/agency\/#breadcrumb","itemListElement":[{"@type":"ListItem","position":1,"name":"Accueil","item":"https:\/\/partipris.com\/en\/"},{"@type":"ListItem","position":2,"name":"Agency"}]},{"@type":"WebSite","@id":"https:\/\/partipris.com\/en\/#website","url":"https:\/\/partipris.com\/en\/","name":"Partipris","description":"","potentialAction":[{"@type":"SearchAction","target":{"@type":"EntryPoint","urlTemplate":"https:\/\/partipris.com\/en\/?s={search_term_string}"},"query-input":{"@type":"PropertyValueSpecification","valueRequired":true,"valueName":"search_term_string"}}],"inLanguage":"en-US"}]}},"_links":{"self":[{"href":"https:\/\/partipris.com\/en\/wp-json\/wp\/v2\/pages\/1292","targetHints":{"allow":["GET"]}}],"collection":[{"href":"https:\/\/partipris.com\/en\/wp-json\/wp\/v2\/pages"}],"about":[{"href":"https:\/\/partipris.com\/en\/wp-json\/wp\/v2\/types\/page"}],"author":[{"embeddable":true,"href":"https:\/\/partipris.com\/en\/wp-json\/wp\/v2\/users\/7"}],"replies":[{"embeddable":true,"href":"https:\/\/partipris.com\/en\/wp-json\/wp\/v2\/comments?post=1292"}],"version-history":[{"count":0,"href":"https:\/\/partipris.com\/en\/wp-json\/wp\/v2\/pages\/1292\/revisions"}],"wp:attachment":[{"href":"https:\/\/partipris.com\/en\/wp-json\/wp\/v2\/media?parent=1292"}],"curies":[{"name":"wp","href":"https:\/\/api.w.org\/{rel}","templated":true}]}}